{"id":314,"date":"2025-04-09T12:39:44","date_gmt":"2025-04-09T12:39:44","guid":{"rendered":"https:\/\/conmeo.wpenginepowered.com\/products\/"},"modified":"2026-03-10T09:56:17","modified_gmt":"2026-03-10T09:56:17","slug":"products","status":"publish","type":"page","link":"https:\/\/conmeo.ee\/en\/products\/","title":{"rendered":"Products"},"content":{"rendered":"\t\t<div data-elementor-type=\"wp-page\" data-elementor-id=\"314\" class=\"elementor elementor-314 elementor-79\" data-elementor-post-type=\"page\">\n\t\t\t\t<div class=\"elementor-element elementor-element-c864c00 e-flex e-con-boxed e-con e-parent\" data-id=\"c864c00\" data-element_type=\"container\" data-e-type=\"container\" data-settings=\"{&quot;background_background&quot;:&quot;gradient&quot;}\">\n\t\t\t\t\t<div class=\"e-con-inner\">\n\t\t\t\t<div class=\"elementor-element elementor-element-ecac183 elementor-widget elementor-widget-webstore_catalogue\" data-id=\"ecac183\" data-element_type=\"widget\" data-e-type=\"widget\" data-widget_type=\"webstore_catalogue.default\">\n\t\t\t\t<div class=\"elementor-widget-container\">\n\t\t\t\t\t\t\t<div class=\"store-widget-wrapper\" data-catalogue_url=\"https:\/\/conmeo.ee\/en\/products\/\">\n            <div><\/div>\n            <h2 class=\"store-title\">Products<\/h2>\n\t\t\t<div class=\"store-filters\">\n\n\t\t\t\t<div class=\"store-filters-container\">\n\n\t\t\t\t\t<div class=\"webstore-mobile-filters\">\n\t\t\t\t\t\t<a href=\"#\" class=\"toggle-filter\" data-filter=\"category\"><span><i class=\"fa-sharp fa-thin fa-folders\"><\/i>Categories<\/span><\/a>\n\t\t\t\t\t\t<a href=\"#\" class=\"toggle-filter\" data-filter=\"caliber\"><span><i class=\"fa-sharp fa-thin fa-arrows-left-right-to-line\"><\/i>Caliber<\/span><\/a>\n\t\t\t\t\t\t<a href=\"#\" class=\"toggle-filter\" data-filter=\"price\"><span><i class=\"fa-sharp fa-thin fa-sliders-simple\"><\/i>Price Range<\/span><\/a>\n\t\t\t\t\t\t<a href=\"#\" class=\"toggle-filter toggle-filter-clear\" data-filter=\"clear\"><span><i class=\"fa-thin fa-xmark\"><\/i><\/i>Clear Filters<\/span><\/a>\n\t\t\t\t\t<\/div>\n\n                    <!-- Search -->\n                    <div class=\"search-filter-container\">\n\t\t\t\t\t\t                        <h3 class=\"section-title\">Search<\/h3>\n\t\t\t\t\t\t<form id=\"webstore-search-form\">\n\t\t\t\t\t\t\t<input type=\"text\" class=\"webstore-search-field\" placeholder=\"Search...\" value=\"\" \/>\n\t\t\t\t\t\t\t<button class=\"webstore-search-button\">\n\t\t\t\t\t\t\t\t<i class=\"search-btn-icon fa-light fa-magnifying-glass\"><\/i>\n\t\t\t\t\t\t\t<\/button>\n\t\t\t\t\t\t<\/form>\n\t\t\t\t\t<\/div>\t\t\t\t\t\n\n\t\t\t\t\t<!-- Categories -->\n\t\t\t\t\t<div class=\"categories-filter-container\">\t\t\t\t\t\n\t\t\t\t\t\t<h3 class=\"section-title\">Categories<\/h3>\n\t\t\t\t\t\t<ul class=\"categories-filter-list webstore-checkbox-filters webstore-filter-box category-filter-box\">\n\t\t\t\t\t\t\t\t\t\t\t\t\t\t\t<li>\n\t\t\t\t\t\t\t\t\t<input type=\"checkbox\" class=\"categories-filter\" id=\"category-80\" value=\"80\" >\n\t\t\t\t\t\t\t\t\t<label for=\"category-80\"><div class=\"cat-name\">Weapons<span class=\"cat-count\">42<\/span><\/div><\/label>\n\t\t\t\t\t\t\t\t<\/li>\n                            \t\t\t\t\t\t\t\t<li>\n\t\t\t\t\t\t\t\t\t<input type=\"checkbox\" class=\"categories-filter\" id=\"category-83\" value=\"83\" >\n\t\t\t\t\t\t\t\t\t<label for=\"category-83\"><div class=\"cat-name\">Accessories<span class=\"cat-count\">23<\/span><\/div><\/label>\n\t\t\t\t\t\t\t\t<\/li>\n                            \t\t\t\t\t\t\t\t<li>\n\t\t\t\t\t\t\t\t\t<input type=\"checkbox\" class=\"categories-filter\" id=\"category-81\" value=\"81\" >\n\t\t\t\t\t\t\t\t\t<label for=\"category-81\"><div class=\"cat-name\">Ammunition<span class=\"cat-count\">19<\/span><\/div><\/label>\n\t\t\t\t\t\t\t\t<\/li>\n                            \t\t\t\t\t\t\t\t<li>\n\t\t\t\t\t\t\t\t\t<input type=\"checkbox\" class=\"categories-filter\" id=\"category-106\" value=\"106\" >\n\t\t\t\t\t\t\t\t\t<label for=\"category-106\"><div class=\"cat-name\">Training and protective equipment<span class=\"cat-count\">4<\/span><\/div><\/label>\n\t\t\t\t\t\t\t\t<\/li>\n                            \t\t\t\t\t\t\t\t<li>\n\t\t\t\t\t\t\t\t\t<input type=\"checkbox\" class=\"categories-filter\" id=\"category-82\" value=\"82\" >\n\t\t\t\t\t\t\t\t\t<label for=\"category-82\"><div class=\"cat-name\">High Pressure Inflation Tent<span class=\"cat-count\">1<\/span><\/div><\/label>\n\t\t\t\t\t\t\t\t<\/li>\n                            \t\t\t\t\t\t<\/ul>\n\t\t\t\t\t<\/div>\t\t\t\t\n\n\t\t\t\t\t<!-- Caliber -->\n\t\t\t\t\t<div class=\"caliber-filter-container\">\n\t\t\t\t\t\t<h3 class=\"section-title\">Caliber<\/h3>\n\t\t\t\t\t\t<ul class=\"caliber-filter-list webstore-checkbox-filters webstore-filter-box caliber-filter-box\">\n\t\t\t\t\t\t\t\t\t\t\t\t\t\t\t\t<li>\n\t\t\t\t\t\t\t\t\t\t<input type=\"checkbox\" class=\"caliber-filter\" id=\"caliber-118\" value=\"118\" >\n\t\t\t\t\t\t\t\t\t\t<label for=\"caliber-118\"><div class=\"cat-name\">12 KAL<span class=\"cat-count\">3<\/span><\/div><\/label>\n\t\t\t\t\t\t\t\t\t<\/li>\n\t\t\t\t\t\t\t\t\t\t\t\t\t\t\t\t\t<li>\n\t\t\t\t\t\t\t\t\t\t<input type=\"checkbox\" class=\"caliber-filter\" id=\"caliber-140\" value=\"140\" >\n\t\t\t\t\t\t\t\t\t\t<label for=\"caliber-140\"><div class=\"cat-name\">17,2 mm (0,68\u2033)<span class=\"cat-count\">1<\/span><\/div><\/label>\n\t\t\t\t\t\t\t\t\t<\/li>\n\t\t\t\t\t\t\t\t\t\t\t\t\t\t\t\t\t<li>\n\t\t\t\t\t\t\t\t\t\t<input type=\"checkbox\" class=\"caliber-filter\" id=\"caliber-137\" value=\"137\" >\n\t\t\t\t\t\t\t\t\t\t<label for=\"caliber-137\"><div class=\"cat-name\">22 LR<span class=\"cat-count\">1<\/span><\/div><\/label>\n\t\t\t\t\t\t\t\t\t<\/li>\n\t\t\t\t\t\t\t\t\t\t\t\t\t\t\t\t\t<li>\n\t\t\t\t\t\t\t\t\t\t<input type=\"checkbox\" class=\"caliber-filter\" id=\"caliber-155\" value=\"155\" >\n\t\t\t\t\t\t\t\t\t\t<label for=\"caliber-155\"><div class=\"cat-name\">223 REM<span class=\"cat-count\">2<\/span><\/div><\/label>\n\t\t\t\t\t\t\t\t\t<\/li>\n\t\t\t\t\t\t\t\t\t\t\t\t\t\t\t\t\t<li>\n\t\t\t\t\t\t\t\t\t\t<input type=\"checkbox\" class=\"caliber-filter\" id=\"caliber-130\" value=\"130\" >\n\t\t\t\t\t\t\t\t\t\t<label for=\"caliber-130\"><div class=\"cat-name\">25 AUTO<span class=\"cat-count\">1<\/span><\/div><\/label>\n\t\t\t\t\t\t\t\t\t<\/li>\n\t\t\t\t\t\t\t\t\t\t\t\t\t\t\t\t\t<li>\n\t\t\t\t\t\t\t\t\t\t<input type=\"checkbox\" class=\"caliber-filter\" id=\"caliber-128\" value=\"128\" >\n\t\t\t\t\t\t\t\t\t\t<label for=\"caliber-128\"><div class=\"cat-name\">308 WIN (7,62 mm)<span class=\"cat-count\">7<\/span><\/div><\/label>\n\t\t\t\t\t\t\t\t\t<\/li>\n\t\t\t\t\t\t\t\t\t\t\t\t\t\t\t\t\t<li>\n\t\t\t\t\t\t\t\t\t\t<input type=\"checkbox\" class=\"caliber-filter\" id=\"caliber-135\" value=\"135\" >\n\t\t\t\t\t\t\t\t\t\t<label for=\"caliber-135\"><div class=\"cat-name\">357 MAG<span class=\"cat-count\">1<\/span><\/div><\/label>\n\t\t\t\t\t\t\t\t\t<\/li>\n\t\t\t\t\t\t\t\t\t\t\t\t\t\t\t\t\t<li>\n\t\t\t\t\t\t\t\t\t\t<input type=\"checkbox\" class=\"caliber-filter\" id=\"caliber-134\" value=\"134\" >\n\t\t\t\t\t\t\t\t\t\t<label for=\"caliber-134\"><div class=\"cat-name\">38 SPL<span class=\"cat-count\">2<\/span><\/div><\/label>\n\t\t\t\t\t\t\t\t\t<\/li>\n\t\t\t\t\t\t\t\t\t\t\t\t\t\t\t\t\t<li>\n\t\t\t\t\t\t\t\t\t\t<input type=\"checkbox\" class=\"caliber-filter\" id=\"caliber-131\" value=\"131\" >\n\t\t\t\t\t\t\t\t\t\t<label for=\"caliber-131\"><div class=\"cat-name\">380 AUTO<span class=\"cat-count\">1<\/span><\/div><\/label>\n\t\t\t\t\t\t\t\t\t<\/li>\n\t\t\t\t\t\t\t\t\t\t\t\t\t\t\t\t\t<li>\n\t\t\t\t\t\t\t\t\t\t<input type=\"checkbox\" class=\"caliber-filter\" id=\"caliber-132\" value=\"132\" >\n\t\t\t\t\t\t\t\t\t\t<label for=\"caliber-132\"><div class=\"cat-name\">40 S&amp;W<span class=\"cat-count\">1<\/span><\/div><\/label>\n\t\t\t\t\t\t\t\t\t<\/li>\n\t\t\t\t\t\t\t\t\t\t\t\t\t\t\t\t\t<li>\n\t\t\t\t\t\t\t\t\t\t<input type=\"checkbox\" class=\"caliber-filter\" id=\"caliber-156\" value=\"156\" >\n\t\t\t\t\t\t\t\t\t\t<label for=\"caliber-156\"><div class=\"cat-name\">44 REM MAG<span class=\"cat-count\">1<\/span><\/div><\/label>\n\t\t\t\t\t\t\t\t\t<\/li>\n\t\t\t\t\t\t\t\t\t\t\t\t\t\t\t\t\t<li>\n\t\t\t\t\t\t\t\t\t\t<input type=\"checkbox\" class=\"caliber-filter\" id=\"caliber-152\" value=\"152\" >\n\t\t\t\t\t\t\t\t\t\t<label for=\"caliber-152\"><div class=\"cat-name\">45 AUTO<span class=\"cat-count\">1<\/span><\/div><\/label>\n\t\t\t\t\t\t\t\t\t<\/li>\n\t\t\t\t\t\t\t\t\t\t\t\t\t\t\t\t\t<li>\n\t\t\t\t\t\t\t\t\t\t<input type=\"checkbox\" class=\"caliber-filter\" id=\"caliber-153\" value=\"153\" >\n\t\t\t\t\t\t\t\t\t\t<label for=\"caliber-153\"><div class=\"cat-name\">454 CASULL<span class=\"cat-count\">1<\/span><\/div><\/label>\n\t\t\t\t\t\t\t\t\t<\/li>\n\t\t\t\t\t\t\t\t\t\t\t\t\t\t\t\t\t<li>\n\t\t\t\t\t\t\t\t\t\t<input type=\"checkbox\" class=\"caliber-filter\" id=\"caliber-189\" value=\"189\" >\n\t\t\t\t\t\t\t\t\t\t<label for=\"caliber-189\"><div class=\"cat-name\">5.56\u00d745 mm NATO<span class=\"cat-count\">1<\/span><\/div><\/label>\n\t\t\t\t\t\t\t\t\t<\/li>\n\t\t\t\t\t\t\t\t\t\t\t\t\t\t\t\t\t<li>\n\t\t\t\t\t\t\t\t\t\t<input type=\"checkbox\" class=\"caliber-filter\" id=\"caliber-179\" value=\"179\" >\n\t\t\t\t\t\t\t\t\t\t<label for=\"caliber-179\"><div class=\"cat-name\">6,5 Creedmoor (CRD)<span class=\"cat-count\">6<\/span><\/div><\/label>\n\t\t\t\t\t\t\t\t\t<\/li>\n\t\t\t\t\t\t\t\t\t\t\t\t\t\t\t\t\t<li>\n\t\t\t\t\t\t\t\t\t\t<input type=\"checkbox\" class=\"caliber-filter\" id=\"caliber-187\" value=\"187\" >\n\t\t\t\t\t\t\t\t\t\t<label for=\"caliber-187\"><div class=\"cat-name\">7.62\u00d739 mm<span class=\"cat-count\">1<\/span><\/div><\/label>\n\t\t\t\t\t\t\t\t\t<\/li>\n\t\t\t\t\t\t\t\t\t\t\t\t\t\t\t\t\t<li>\n\t\t\t\t\t\t\t\t\t\t<input type=\"checkbox\" class=\"caliber-filter\" id=\"caliber-125\" value=\"125\" >\n\t\t\t\t\t\t\t\t\t\t<label for=\"caliber-125\"><div class=\"cat-name\">9 mm<span class=\"cat-count\">18<\/span><\/div><\/label>\n\t\t\t\t\t\t\t\t\t<\/li>\n\t\t\t\t\t\t\t\t\t\t\t\t\t\t<\/ul>\n\t\t\t\t\t<\/div>\n\n\t\t\t\t\t<!-- Price range slider -->\n\t\t\t\t\t<div class=\"pricerange-filter-container\">\n\t\t\t\t\t\t<h3 class=\"section-title\">Price Range<\/h3>\n\t\t\t\t\t\t<div class=\"slider-container webstore-filter-box price-filter-box\">\n\t\t\t\t\t\t\t<div id=\"slider\"><\/div>\n\t\t\t\t\t\t\t<div class=\"slider-values\">\n\t\t\t\t\t\t\t\t<span>Price<\/span>\n\t\t\t\t\t\t\t\t<span id=\"thumb1Value\"> 0<\/span>\n\t\t\t\t\t\t\t\t<span> - <\/span>\n\t\t\t\t\t\t\t\t<span id=\"thumb2Value\">1500<\/span>\n\t\t\t\t\t\t\t\t<span>\u20ac<\/span>\n\t\t\t\t\t\t\t<\/div>\n\t\t\t\t\t\t<\/div>\n\t\t\t\t\t<\/div>\n\n\t\t\t\t\t<!-- Clear all filters button -->\n\t\t\t\t\t<a href=\"#\" class=\"clear-filters-btn toggle-filter-clear\"><i class=\"fa-regular fa-xmark\"><\/i>Clear Filters<\/a>\n\n\t\t\t\t<\/div>\n\n\t\t\t<\/div>\n\n\t\t\t<!-- Store products section -->\n\t\t\t<div class=\"store-products-section\">\n\n\t\t\t\t<!-- Sort Products -->\n\t\t\t\t<div class=\"product-sort-wrapper\">\n\t\t\t\t\t<div class=\"amount-displayed-section\">\n\t\t\t\t\t\tDisplaying\t\t\t\t\t\t<span class=\"products-counter\"><\/span>\n\t\t\t\t\t\tResults\t\t\t\t\t<\/div>\n\t\t\t\t\t<div class=\"sort-section\">\n\t\t\t\t\t\t<label>Sort by<\/label>\t\t\t\t\t\t<select class=\"sort-select\">\n\t\t\t\t\t\t\t<option value=\"default\">Default<\/option>\n\t\t\t\t\t\t\t<option value=\"name_asc\">Name (A-Z)<\/option>\n\t\t\t\t\t\t    <option value=\"name_desc\">Name (Z-A)<\/option>\n\t\t\t\t\t\t    <option value=\"price_asc\">Price (ASC)<\/option>\n\t\t\t\t\t\t    <option value=\"price_desc\">Price (DESC)<\/option>\n\t\t\t\t\t\t    <option value=\"popular\" >Popularity<\/option>\n\t\t\t\t\t\t<\/select>\n\t\t\t\t\t<\/div>\n\t\t\t\t<\/div>\n\n\t\t\t\t<!-- Display Products -->\n\t\t\t\t<div class=\"product-grid\" data-add_to_cart_label=\"Add to Cart\"  data-no_products_found=\"No products found\" data-out_of_stock=\"Out of Stock\" data-ask_quote=\"Ask Quote\"><\/div>\n\t\t\t<\/div>\n\n\t\t\t<!-- AJAX loader icon -->\n\t\t\t<div class=\"ajax-loader processing\">\n\t\t\t\t<i class= \"fa-duotone fa-loader fa-spin\"><\/i>\n\t\t\t<\/div>\n\n\t\t\t<!-- Added to cart notification -->\n\t\t\t<div class=\"product-added-notification\">\n\t\t\t\t<div class=\"cart-confirmation\">\n\t\t\t\t\t<i class=\"fa-sharp fa-thin fa-cart-plus\"><\/i>\n\t\t\t\t\t<span class=\"product-name\">Product added to cart<\/span>\n\t\t\t\t<\/div>\n\t\t\t<\/div>\n\t\t<\/div>\n\t\t\t\t\t\t<\/div>\n\t\t\t\t<\/div>\n\t\t\t\t\t<\/div>\n\t\t\t\t<\/div>\n\t\t\t\t<\/div>\n\t\t","protected":false},"excerpt":{"rendered":"<p>Products Categories Caliber Price Range Clear Filters Search Categories Relvad37 Lisavarustus22 Laskemoon19 V\u00e4lja\u00f5ppe- ja kaitsevahendid4 K\u00f5rgsurvetelgid1 Caliber 12 KAL3 17,2 mm (0,68\u2033)1 22 LR1 223 REM2 25 AUTO1 308 WIN (7,62 mm)4 357 MAG1 38 SPL2 380 AUTO1 40 S&amp;W1 44 REM MAG1 45 AUTO1 454 CASULL1 5.56\u00d745 mm NATO1 6,5 Creedmoor (CRD)5 7.62\u00d739 mm1 [&hellip;]<\/p>\n","protected":false},"author":4,"featured_media":0,"parent":0,"menu_order":0,"comment_status":"closed","ping_status":"closed","template":"elementor_header_footer","meta":{"_acf_changed":false,"footnotes":""},"class_list":["post-314","page","type-page","status-publish","hentry"],"acf":[],"yoast_head":"<!-- This site is optimized with the Yoast SEO plugin v27.4 - https:\/\/yoast.com\/product\/yoast-seo-wordpress\/ -->\n<title>Products - Conmeo<\/title>\n<meta name=\"description\" content=\"Conmeo provides reliable firearms and high-quality ammunition for professional use \u2014 including the needs of national defence, police, rescue units, and security solution providers.\" \/>\n<meta name=\"robots\" content=\"index, follow, max-snippet:-1, max-image-preview:large, max-video-preview:-1\" \/>\n<link rel=\"canonical\" href=\"https:\/\/conmeo.ee\/en\/products\/\" \/>\n<meta property=\"og:locale\" content=\"en_US\" \/>\n<meta property=\"og:type\" content=\"article\" \/>\n<meta property=\"og:title\" content=\"Conmeo product catalogue\" \/>\n<meta property=\"og:description\" content=\"Conmeo provides reliable firearms and high-quality ammunition for professional use \u2014 including the needs of national defence, police, rescue units, and security solution providers.\" \/>\n<meta property=\"og:url\" content=\"https:\/\/conmeo.ee\/en\/products\/\" \/>\n<meta property=\"og:site_name\" content=\"Conmeo\" \/>\n<meta property=\"article:modified_time\" content=\"2026-03-10T09:56:17+00:00\" \/>\n<meta property=\"og:image\" content=\"https:\/\/conmeo.ee\/wp-content\/uploads\/2025\/04\/conmeo_favicon-300x300.png\" \/>\n<meta name=\"twitter:card\" content=\"summary_large_image\" \/>\n<meta name=\"twitter:title\" content=\"Conmeo product catalogue\" \/>\n<meta name=\"twitter:description\" content=\"Conmeo provides reliable firearms and high-quality ammunition for professional use \u2014 including the needs of national defence, police, rescue units, and security solution providers.\" \/>\n<meta name=\"twitter:image\" content=\"https:\/\/conmeo.ee\/wp-content\/uploads\/2025\/04\/conmeo_favicon.png\" \/>\n<meta name=\"twitter:label1\" content=\"Est. reading time\" \/>\n\t<meta name=\"twitter:data1\" content=\"1 minute\" \/>\n<script type=\"application\/ld+json\" class=\"yoast-schema-graph\">{\"@context\":\"https:\\\/\\\/schema.org\",\"@graph\":[{\"@type\":\"WebPage\",\"@id\":\"https:\\\/\\\/conmeo.ee\\\/en\\\/products\\\/\",\"url\":\"https:\\\/\\\/conmeo.ee\\\/en\\\/products\\\/\",\"name\":\"Products - Conmeo\",\"isPartOf\":{\"@id\":\"https:\\\/\\\/conmeo.ee\\\/en\\\/#website\"},\"datePublished\":\"2025-04-09T12:39:44+00:00\",\"dateModified\":\"2026-03-10T09:56:17+00:00\",\"description\":\"Conmeo provides reliable firearms and high-quality ammunition for professional use \u2014 including the needs of national defence, police, rescue units, and security solution providers.\",\"breadcrumb\":{\"@id\":\"https:\\\/\\\/conmeo.ee\\\/en\\\/products\\\/#breadcrumb\"},\"inLanguage\":\"en-US\",\"potentialAction\":[{\"@type\":\"ReadAction\",\"target\":[\"https:\\\/\\\/conmeo.ee\\\/en\\\/products\\\/\"]}]},{\"@type\":\"BreadcrumbList\",\"@id\":\"https:\\\/\\\/conmeo.ee\\\/en\\\/products\\\/#breadcrumb\",\"itemListElement\":[{\"@type\":\"ListItem\",\"position\":1,\"name\":\"Home\",\"item\":\"https:\\\/\\\/conmeo.ee\\\/en\\\/homepage\\\/\"},{\"@type\":\"ListItem\",\"position\":2,\"name\":\"Products\"}]},{\"@type\":\"WebSite\",\"@id\":\"https:\\\/\\\/conmeo.ee\\\/en\\\/#website\",\"url\":\"https:\\\/\\\/conmeo.ee\\\/en\\\/\",\"name\":\"Conmeo\",\"description\":\"Kaitse- ja kriisivarustus\",\"publisher\":{\"@id\":\"https:\\\/\\\/conmeo.ee\\\/en\\\/#organization\"},\"potentialAction\":[{\"@type\":\"SearchAction\",\"target\":{\"@type\":\"EntryPoint\",\"urlTemplate\":\"https:\\\/\\\/conmeo.ee\\\/en\\\/?s={search_term_string}\"},\"query-input\":{\"@type\":\"PropertyValueSpecification\",\"valueRequired\":true,\"valueName\":\"search_term_string\"}}],\"inLanguage\":\"en-US\"},{\"@type\":\"Organization\",\"@id\":\"https:\\\/\\\/conmeo.ee\\\/en\\\/#organization\",\"name\":\"Conmeo\",\"url\":\"https:\\\/\\\/conmeo.ee\\\/en\\\/\",\"logo\":{\"@type\":\"ImageObject\",\"inLanguage\":\"en-US\",\"@id\":\"https:\\\/\\\/conmeo.ee\\\/en\\\/#\\\/schema\\\/logo\\\/image\\\/\",\"url\":\"https:\\\/\\\/conmeo.ee\\\/wp-content\\\/uploads\\\/2025\\\/04\\\/conmeo_favicon.png\",\"contentUrl\":\"https:\\\/\\\/conmeo.ee\\\/wp-content\\\/uploads\\\/2025\\\/04\\\/conmeo_favicon.png\",\"width\":350,\"height\":350,\"caption\":\"Conmeo\"},\"image\":{\"@id\":\"https:\\\/\\\/conmeo.ee\\\/en\\\/#\\\/schema\\\/logo\\\/image\\\/\"}}]}<\/script>\n<!-- \/ Yoast SEO plugin. -->","yoast_head_json":{"title":"Products - Conmeo","description":"Conmeo provides reliable firearms and high-quality ammunition for professional use \u2014 including the needs of national defence, police, rescue units, and security solution providers.","robots":{"index":"index","follow":"follow","max-snippet":"max-snippet:-1","max-image-preview":"max-image-preview:large","max-video-preview":"max-video-preview:-1"},"canonical":"https:\/\/conmeo.ee\/en\/products\/","og_locale":"en_US","og_type":"article","og_title":"Conmeo product catalogue","og_description":"Conmeo provides reliable firearms and high-quality ammunition for professional use \u2014 including the needs of national defence, police, rescue units, and security solution providers.","og_url":"https:\/\/conmeo.ee\/en\/products\/","og_site_name":"Conmeo","article_modified_time":"2026-03-10T09:56:17+00:00","og_image":[{"url":"https:\/\/conmeo.ee\/wp-content\/uploads\/2025\/04\/conmeo_favicon-300x300.png","type":"","width":"","height":""}],"twitter_card":"summary_large_image","twitter_title":"Conmeo product catalogue","twitter_description":"Conmeo provides reliable firearms and high-quality ammunition for professional use \u2014 including the needs of national defence, police, rescue units, and security solution providers.","twitter_image":"https:\/\/conmeo.ee\/wp-content\/uploads\/2025\/04\/conmeo_favicon.png","twitter_misc":{"Est. reading time":"1 minute"},"schema":{"@context":"https:\/\/schema.org","@graph":[{"@type":"WebPage","@id":"https:\/\/conmeo.ee\/en\/products\/","url":"https:\/\/conmeo.ee\/en\/products\/","name":"Products - Conmeo","isPartOf":{"@id":"https:\/\/conmeo.ee\/en\/#website"},"datePublished":"2025-04-09T12:39:44+00:00","dateModified":"2026-03-10T09:56:17+00:00","description":"Conmeo provides reliable firearms and high-quality ammunition for professional use \u2014 including the needs of national defence, police, rescue units, and security solution providers.","breadcrumb":{"@id":"https:\/\/conmeo.ee\/en\/products\/#breadcrumb"},"inLanguage":"en-US","potentialAction":[{"@type":"ReadAction","target":["https:\/\/conmeo.ee\/en\/products\/"]}]},{"@type":"BreadcrumbList","@id":"https:\/\/conmeo.ee\/en\/products\/#breadcrumb","itemListElement":[{"@type":"ListItem","position":1,"name":"Home","item":"https:\/\/conmeo.ee\/en\/homepage\/"},{"@type":"ListItem","position":2,"name":"Products"}]},{"@type":"WebSite","@id":"https:\/\/conmeo.ee\/en\/#website","url":"https:\/\/conmeo.ee\/en\/","name":"Conmeo","description":"Kaitse- ja kriisivarustus","publisher":{"@id":"https:\/\/conmeo.ee\/en\/#organization"},"potentialAction":[{"@type":"SearchAction","target":{"@type":"EntryPoint","urlTemplate":"https:\/\/conmeo.ee\/en\/?s={search_term_string}"},"query-input":{"@type":"PropertyValueSpecification","valueRequired":true,"valueName":"search_term_string"}}],"inLanguage":"en-US"},{"@type":"Organization","@id":"https:\/\/conmeo.ee\/en\/#organization","name":"Conmeo","url":"https:\/\/conmeo.ee\/en\/","logo":{"@type":"ImageObject","inLanguage":"en-US","@id":"https:\/\/conmeo.ee\/en\/#\/schema\/logo\/image\/","url":"https:\/\/conmeo.ee\/wp-content\/uploads\/2025\/04\/conmeo_favicon.png","contentUrl":"https:\/\/conmeo.ee\/wp-content\/uploads\/2025\/04\/conmeo_favicon.png","width":350,"height":350,"caption":"Conmeo"},"image":{"@id":"https:\/\/conmeo.ee\/en\/#\/schema\/logo\/image\/"}}]}},"_links":{"self":[{"href":"https:\/\/conmeo.ee\/en\/wp-json\/wp\/v2\/pages\/314","targetHints":{"allow":["GET"]}}],"collection":[{"href":"https:\/\/conmeo.ee\/en\/wp-json\/wp\/v2\/pages"}],"about":[{"href":"https:\/\/conmeo.ee\/en\/wp-json\/wp\/v2\/types\/page"}],"author":[{"embeddable":true,"href":"https:\/\/conmeo.ee\/en\/wp-json\/wp\/v2\/users\/4"}],"replies":[{"embeddable":true,"href":"https:\/\/conmeo.ee\/en\/wp-json\/wp\/v2\/comments?post=314"}],"version-history":[{"count":13,"href":"https:\/\/conmeo.ee\/en\/wp-json\/wp\/v2\/pages\/314\/revisions"}],"predecessor-version":[{"id":1616,"href":"https:\/\/conmeo.ee\/en\/wp-json\/wp\/v2\/pages\/314\/revisions\/1616"}],"wp:attachment":[{"href":"https:\/\/conmeo.ee\/en\/wp-json\/wp\/v2\/media?parent=314"}],"curies":[{"name":"wp","href":"https:\/\/api.w.org\/{rel}","templated":true}]}}